{"id":3989,"date":"2024-06-18T18:18:41","date_gmt":"2024-06-18T18:18:41","guid":{"rendered":"https:\/\/www.hotelconventocadiz.com\/?page_id=3989"},"modified":"2024-06-18T18:25:01","modified_gmt":"2024-06-18T18:25:01","slug":"booking","status":"publish","type":"page","link":"https:\/\/www.hotelconventocadiz.com\/en\/booking\/","title":{"rendered":"booking"},"content":{"rendered":"<div data-elementor-type=\"wp-page\" data-elementor-id=\"3989\" class=\"elementor elementor-3989\">\n\t\t\t\t\t\t<section class=\"elementor-section elementor-top-section elementor-element elementor-element-778efc3 elementor-section-boxed elementor-section-height-default elementor-section-height-default\" data-id=\"778efc3\" data-element_type=\"section\" data-e-type=\"section\" data-settings=\"{&quot;hoteller_ext_is_background_parallax&quot;:&quot;false&quot;,&quot;hoteller_ext_is_background_on_scroll&quot;:&quot;false&quot;}\">\n\t\t\t\t\t\t<div class=\"elementor-container elementor-column-gap-default\">\n\t\t\t\t\t<div class=\"elementor-column elementor-col-100 elementor-top-column elementor-element elementor-element-d0eb0f9\" data-id=\"d0eb0f9\" data-element_type=\"column\" data-e-type=\"column\" data-settings=\"{&quot;hoteller_ext_link_sidemenu&quot;:&quot;false&quot;,&quot;hoteller_ext_link_fullmenu&quot;:&quot;false&quot;,&quot;hoteller_ext_is_scrollme&quot;:&quot;false&quot;,&quot;hoteller_ext_is_smoove&quot;:&quot;false&quot;,&quot;hoteller_ext_is_parallax_mouse&quot;:&quot;false&quot;,&quot;hoteller_ext_is_infinite&quot;:&quot;false&quot;,&quot;hoteller_ext_is_fadeout_animation&quot;:&quot;false&quot;}\">\n\t\t\t<div class=\"elementor-widget-wrap elementor-element-populated\">\n\t\t\t\t\t\t<div class=\"elementor-element elementor-element-910c346 elementor-widget elementor-widget-shortcode\" data-id=\"910c346\" data-element_type=\"widget\" data-e-type=\"widget\" data-settings=\"{&quot;hoteller_ext_link_sidemenu&quot;:&quot;false&quot;,&quot;hoteller_ext_link_fullmenu&quot;:&quot;false&quot;,&quot;hoteller_ext_is_scrollme&quot;:&quot;false&quot;,&quot;hoteller_ext_is_smoove&quot;:&quot;false&quot;,&quot;hoteller_ext_is_parallax_mouse&quot;:&quot;false&quot;,&quot;hoteller_ext_is_infinite&quot;:&quot;false&quot;,&quot;hoteller_ext_is_fadeout_animation&quot;:&quot;false&quot;}\" data-widget_type=\"shortcode.default\">\n\t\t\t\t<div class=\"elementor-widget-container\">\n\t\t\t\t\t\t\t<div class=\"elementor-shortcode\"><div class=\"soulmotor-booking soul-motor\">\n\t<script>\n\tvar soulMotorConfig={\n\t\tconexion : \"hotelconventocadiz\",\n\t\turlwp : \"https:\/\/www.hotelconventocadiz.com\/wp-content\/plugins\/soul-motor\/\",\n\t\tfromMotor : false\n\t}\n\tvar requestData={\n        checkin:\"\",\n        checkout:\"\",\n\t\t\t\t\t\tlang: \"en-GB\",\n\t\tcoupon:\"\",\n\t\ttransaction: \"\",\n\t\tfromCheckout: \"\",\n\t\taction: \"\",\n\t\ttoken:\"\"\n    }\n\t<\/script>\n\t<app-root>\n    <div id=\"pre-bootstrap\">\n        <div class=\"messaging\">\n            Loading soul motor\n            <div class=\"cs-loader\">\n                <div class=\"cs-loader-inner\">\n                    <label>\u25cf<\/label>\n                    <label>\u25cf<\/label>\n                    <label>\u25cf<\/label>\n                    <label>\u25cf<\/label>\n                    <label>\u25cf<\/label>\n                    <label>\u25cf<\/label>\n                <\/div>\n            <\/div>\n        <\/div>\n    <\/div>\n<\/app-root>\n\n<\/div>\n\n<\/div>\n\t\t\t\t\t\t<\/div>\n\t\t\t\t<\/div>\n\t\t\t\t\t<\/div>\n\t\t<\/div>\n\t\t\t\t\t<\/div>\n\t\t<\/section>\n\t\t\t\t<\/div>","protected":false},"excerpt":{"rendered":"","protected":false},"author":1,"featured_media":0,"parent":0,"menu_order":0,"comment_status":"closed","ping_status":"closed","template":"","meta":{"footnotes":""},"class_list":["post-3989","page","type-page","status-publish","hentry"],"yoast_head":"<!-- This site is optimized with the Yoast SEO plugin v27.3 - https:\/\/yoast.com\/product\/yoast-seo-wordpress\/ -->\r\n<title>booking | Hotel Convento C\u00e1diz<\/title>\r\n<meta name=\"robots\" content=\"index, follow, max-snippet:-1, max-image-preview:large, max-video-preview:-1\" \/>\r\n<link rel=\"canonical\" href=\"https:\/\/www.hotelconventocadiz.com\/en\/booking\/\" \/>\r\n<meta property=\"og:locale\" content=\"en_GB\" \/>\r\n<meta property=\"og:type\" content=\"article\" \/>\r\n<meta property=\"og:title\" content=\"booking | Hotel Convento C\u00e1diz\" \/>\r\n<meta property=\"og:url\" content=\"https:\/\/www.hotelconventocadiz.com\/en\/booking\/\" \/>\r\n<meta property=\"og:site_name\" content=\"Hotel Convento C\u00e1diz\" \/>\r\n<meta property=\"article:publisher\" content=\"https:\/\/www.facebook.com\/HotelBoutiqueConventoCadiz\" \/>\r\n<meta property=\"article:modified_time\" content=\"2024-06-18T18:25:01+00:00\" \/>\r\n<meta name=\"twitter:card\" content=\"summary_large_image\" \/>\r\n<meta name=\"twitter:site\" content=\"@conventocadiz\" \/>\r\n<meta name=\"twitter:label1\" content=\"Estimated reading time\" \/>\n\t<meta name=\"twitter:data1\" content=\"1 minute\" \/>\r\n<script type=\"application\/ld+json\" class=\"yoast-schema-graph\">{\"@context\":\"https:\\\/\\\/schema.org\",\"@graph\":[{\"@type\":\"WebPage\",\"@id\":\"https:\\\/\\\/www.hotelconventocadiz.com\\\/booking\\\/\",\"url\":\"https:\\\/\\\/www.hotelconventocadiz.com\\\/booking\\\/\",\"name\":\"booking | Hotel Convento C\u00e1diz\",\"isPartOf\":{\"@id\":\"https:\\\/\\\/www.hotelconventocadiz.com\\\/#website\"},\"datePublished\":\"2024-06-18T18:18:41+00:00\",\"dateModified\":\"2024-06-18T18:25:01+00:00\",\"breadcrumb\":{\"@id\":\"https:\\\/\\\/www.hotelconventocadiz.com\\\/booking\\\/#breadcrumb\"},\"inLanguage\":\"en-GB\",\"potentialAction\":[{\"@type\":\"ReadAction\",\"target\":[\"https:\\\/\\\/www.hotelconventocadiz.com\\\/booking\\\/\"]}]},{\"@type\":\"BreadcrumbList\",\"@id\":\"https:\\\/\\\/www.hotelconventocadiz.com\\\/booking\\\/#breadcrumb\",\"itemListElement\":[{\"@type\":\"ListItem\",\"position\":1,\"name\":\"Portada\",\"item\":\"https:\\\/\\\/www.hotelconventocadiz.com\\\/\"},{\"@type\":\"ListItem\",\"position\":2,\"name\":\"booking\"}]},{\"@type\":\"WebSite\",\"@id\":\"https:\\\/\\\/www.hotelconventocadiz.com\\\/#website\",\"url\":\"https:\\\/\\\/www.hotelconventocadiz.com\\\/\",\"name\":\"Hotel Convento C\u00e1diz\",\"description\":\"El Hotel Convento C\u00e1diz est\u00e1 situado en pleno centro hist\u00f3rico de C\u00e1diz a escasos metros de la playa Santa Mar\u00eda del Mar\",\"publisher\":{\"@id\":\"https:\\\/\\\/www.hotelconventocadiz.com\\\/#organization\"},\"potentialAction\":[{\"@type\":\"SearchAction\",\"target\":{\"@type\":\"EntryPoint\",\"urlTemplate\":\"https:\\\/\\\/www.hotelconventocadiz.com\\\/?s={search_term_string}\"},\"query-input\":{\"@type\":\"PropertyValueSpecification\",\"valueRequired\":true,\"valueName\":\"search_term_string\"}}],\"inLanguage\":\"en-GB\"},{\"@type\":\"Organization\",\"@id\":\"https:\\\/\\\/www.hotelconventocadiz.com\\\/#organization\",\"name\":\"HOTEL CONVENTO C\u00c1DIZ\",\"url\":\"https:\\\/\\\/www.hotelconventocadiz.com\\\/\",\"logo\":{\"@type\":\"ImageObject\",\"inLanguage\":\"en-GB\",\"@id\":\"https:\\\/\\\/www.hotelconventocadiz.com\\\/#\\\/schema\\\/logo\\\/image\\\/\",\"url\":\"https:\\\/\\\/www.hotelconventocadiz.com\\\/wp-content\\\/uploads\\\/Logo.png\",\"contentUrl\":\"https:\\\/\\\/www.hotelconventocadiz.com\\\/wp-content\\\/uploads\\\/Logo.png\",\"width\":236,\"height\":90,\"caption\":\"HOTEL CONVENTO C\u00c1DIZ\"},\"image\":{\"@id\":\"https:\\\/\\\/www.hotelconventocadiz.com\\\/#\\\/schema\\\/logo\\\/image\\\/\"},\"sameAs\":[\"https:\\\/\\\/www.facebook.com\\\/HotelBoutiqueConventoCadiz\",\"https:\\\/\\\/x.com\\\/conventocadiz\"]}]}<\/script>\r\n<!-- \/ Yoast SEO plugin. -->","yoast_head_json":{"title":"booking | Hotel Convento C\u00e1diz","robots":{"index":"index","follow":"follow","max-snippet":"max-snippet:-1","max-image-preview":"max-image-preview:large","max-video-preview":"max-video-preview:-1"},"canonical":"https:\/\/www.hotelconventocadiz.com\/en\/booking\/","og_locale":"en_GB","og_type":"article","og_title":"booking | Hotel Convento C\u00e1diz","og_url":"https:\/\/www.hotelconventocadiz.com\/en\/booking\/","og_site_name":"Hotel Convento C\u00e1diz","article_publisher":"https:\/\/www.facebook.com\/HotelBoutiqueConventoCadiz","article_modified_time":"2024-06-18T18:25:01+00:00","twitter_card":"summary_large_image","twitter_site":"@conventocadiz","twitter_misc":{"Estimated reading time":"1 minute"},"schema":{"@context":"https:\/\/schema.org","@graph":[{"@type":"WebPage","@id":"https:\/\/www.hotelconventocadiz.com\/booking\/","url":"https:\/\/www.hotelconventocadiz.com\/booking\/","name":"booking | Hotel Convento C\u00e1diz","isPartOf":{"@id":"https:\/\/www.hotelconventocadiz.com\/#website"},"datePublished":"2024-06-18T18:18:41+00:00","dateModified":"2024-06-18T18:25:01+00:00","breadcrumb":{"@id":"https:\/\/www.hotelconventocadiz.com\/booking\/#breadcrumb"},"inLanguage":"en-GB","potentialAction":[{"@type":"ReadAction","target":["https:\/\/www.hotelconventocadiz.com\/booking\/"]}]},{"@type":"BreadcrumbList","@id":"https:\/\/www.hotelconventocadiz.com\/booking\/#breadcrumb","itemListElement":[{"@type":"ListItem","position":1,"name":"Portada","item":"https:\/\/www.hotelconventocadiz.com\/"},{"@type":"ListItem","position":2,"name":"booking"}]},{"@type":"WebSite","@id":"https:\/\/www.hotelconventocadiz.com\/#website","url":"https:\/\/www.hotelconventocadiz.com\/","name":"Hotel Convento C\u00e1diz","description":"El Hotel Convento C\u00e1diz est\u00e1 situado en pleno centro hist\u00f3rico de C\u00e1diz a escasos metros de la playa Santa Mar\u00eda del Mar","publisher":{"@id":"https:\/\/www.hotelconventocadiz.com\/#organization"},"potentialAction":[{"@type":"SearchAction","target":{"@type":"EntryPoint","urlTemplate":"https:\/\/www.hotelconventocadiz.com\/?s={search_term_string}"},"query-input":{"@type":"PropertyValueSpecification","valueRequired":true,"valueName":"search_term_string"}}],"inLanguage":"en-GB"},{"@type":"Organization","@id":"https:\/\/www.hotelconventocadiz.com\/#organization","name":"HOTEL CONVENTO C\u00c1DIZ","url":"https:\/\/www.hotelconventocadiz.com\/","logo":{"@type":"ImageObject","inLanguage":"en-GB","@id":"https:\/\/www.hotelconventocadiz.com\/#\/schema\/logo\/image\/","url":"https:\/\/www.hotelconventocadiz.com\/wp-content\/uploads\/Logo.png","contentUrl":"https:\/\/www.hotelconventocadiz.com\/wp-content\/uploads\/Logo.png","width":236,"height":90,"caption":"HOTEL CONVENTO C\u00c1DIZ"},"image":{"@id":"https:\/\/www.hotelconventocadiz.com\/#\/schema\/logo\/image\/"},"sameAs":["https:\/\/www.facebook.com\/HotelBoutiqueConventoCadiz","https:\/\/x.com\/conventocadiz"]}]}},"_links":{"self":[{"href":"https:\/\/www.hotelconventocadiz.com\/en\/wp-json\/wp\/v2\/pages\/3989","targetHints":{"allow":["GET"]}}],"collection":[{"href":"https:\/\/www.hotelconventocadiz.com\/en\/wp-json\/wp\/v2\/pages"}],"about":[{"href":"https:\/\/www.hotelconventocadiz.com\/en\/wp-json\/wp\/v2\/types\/page"}],"author":[{"embeddable":true,"href":"https:\/\/www.hotelconventocadiz.com\/en\/wp-json\/wp\/v2\/users\/1"}],"replies":[{"embeddable":true,"href":"https:\/\/www.hotelconventocadiz.com\/en\/wp-json\/wp\/v2\/comments?post=3989"}],"version-history":[{"count":16,"href":"https:\/\/www.hotelconventocadiz.com\/en\/wp-json\/wp\/v2\/pages\/3989\/revisions"}],"predecessor-version":[{"id":4046,"href":"https:\/\/www.hotelconventocadiz.com\/en\/wp-json\/wp\/v2\/pages\/3989\/revisions\/4046"}],"wp:attachment":[{"href":"https:\/\/www.hotelconventocadiz.com\/en\/wp-json\/wp\/v2\/media?parent=3989"}],"curies":[{"name":"wp","href":"https:\/\/api.w.org\/{rel}","templated":true}]}}